{"id":615,"date":"2012-02-26T18:53:08","date_gmt":"2012-02-26T17:53:08","guid":{"rendered":"http:\/\/www.bwtsc.de\/v2\/?page_id=615"},"modified":"2026-01-23T19:38:42","modified_gmt":"2026-01-23T18:38:42","slug":"fundgrube","status":"publish","type":"page","link":"https:\/\/www.bwtsc.de\/v2\/?page_id=615","title":{"rendered":"Fundgrube"},"content":{"rendered":"<p><strong>Letzte \u00c4nderung: 23.01.2026<\/strong><\/p>\n<p>Hier k\u00f6nnt Ihr Euer Geraffel feilbieten.<\/p>\n<p>Bitte Kontakt zur Fundgrube \u00fcber den Daniel \u00fcber <a href=\"mailto:kontakt@bwtsc.de\">kontakt@bwtsc.de<\/a>.<\/p>\n<p>Den Deal macht Ihr dann selber. Wir geben nur die Kontaktdaten weiter.<\/p>\n<p>Oder Ihr gebt uns Eure Kontaktdaten, die wir dann auf die Homepage stellen.<\/p>\n<table border=\"1\" cellspacing=\"0\" cellpadding=\"0\">\n<tbody>\n<tr>\n<td valign=\"top\" width=\"133\">\n<p align=\"center\"><strong>Was<\/strong><\/p>\n<\/td>\n<td valign=\"top\" width=\"372\">\n<p align=\"center\"><strong>Beschreibung<\/strong><\/p>\n<\/td>\n<td valign=\"top\" width=\"102\">\n<p align=\"center\"><strong>Besitzer<\/strong><\/p>\n<\/td>\n<\/tr>\n<tr>\n<td valign=\"top\" width=\"133\"><\/td>\n<td valign=\"top\" width=\"372\"><\/td>\n<td valign=\"top\" width=\"102\"><\/td>\n<\/tr>\n<tr>\n<td valign=\"top\" width=\"133\"><strong>Pre\u00dfluftflasche\/<\/strong><strong>Druckluftflasche<\/strong><\/td>\n<td valign=\"top\" width=\"372\"><\/td>\n<td valign=\"top\" width=\"102\"><strong>VERKAUFT!!!<\/strong><\/td>\n<\/tr>\n<tr>\n<td valign=\"top\" width=\"133\"><strong>Damentrocki-Unterzieher<\/strong><\/td>\n<td valign=\"top\" width=\"372\"><\/td>\n<td valign=\"top\" width=\"102\"><strong>VERKAUFT !!!<\/strong><\/td>\n<\/tr>\n<\/tbody>\n<\/table>\n<p><em>Allgemeiner Hinweis:<br \/>\nF\u00fcr die Inhalte der verlinkten Seiten sind die Herausgeber selbst verantwortlich.<br \/>\nWir betonen ausdr\u00fccklich, dass wir keinerlei Einfluss auf die Gestaltung und die Inhalte der gelinkten Seiten haben! Wir distanzieren uns hiermit ausdr\u00fccklich von den Inhalten aller gelinkten Seiten.<\/em><\/p>\n","protected":false},"excerpt":{"rendered":"<p>Letzte \u00c4nderung: 23.01.2026 Hier k\u00f6nnt Ihr Euer Geraffel feilbieten. Bitte Kontakt zur Fundgrube \u00fcber den Daniel \u00fcber kontakt@bwtsc.de. Den Deal macht Ihr dann selber. Wir geben nur die Kontaktdaten weiter. Oder Ihr gebt uns Eure Kontaktdaten, die wir dann auf &hellip; <a href=\"https:\/\/www.bwtsc.de\/v2\/?page_id=615\">Weiterlesen <span class=\"meta-nav\">&rarr;<\/span><\/a><\/p>\n","protected":false},"author":2,"featured_media":0,"parent":0,"menu_order":0,"comment_status":"closed","ping_status":"closed","template":"","meta":{"footnotes":""},"class_list":["post-615","page","type-page","status-publish","hentry"],"aioseo_notices":[],"_links":{"self":[{"href":"https:\/\/www.bwtsc.de\/v2\/index.php?rest_route=\/wp\/v2\/pages\/615","targetHints":{"allow":["GET"]}}],"collection":[{"href":"https:\/\/www.bwtsc.de\/v2\/index.php?rest_route=\/wp\/v2\/pages"}],"about":[{"href":"https:\/\/www.bwtsc.de\/v2\/index.php?rest_route=\/wp\/v2\/types\/page"}],"author":[{"embeddable":true,"href":"https:\/\/www.bwtsc.de\/v2\/index.php?rest_route=\/wp\/v2\/users\/2"}],"replies":[{"embeddable":true,"href":"https:\/\/www.bwtsc.de\/v2\/index.php?rest_route=%2Fwp%2Fv2%2Fcomments&post=615"}],"version-history":[{"count":29,"href":"https:\/\/www.bwtsc.de\/v2\/index.php?rest_route=\/wp\/v2\/pages\/615\/revisions"}],"predecessor-version":[{"id":1085,"href":"https:\/\/www.bwtsc.de\/v2\/index.php?rest_route=\/wp\/v2\/pages\/615\/revisions\/1085"}],"wp:attachment":[{"href":"https:\/\/www.bwtsc.de\/v2\/index.php?rest_route=%2Fwp%2Fv2%2Fmedia&parent=615"}],"curies":[{"name":"wp","href":"https:\/\/api.w.org\/{rel}","templated":true}]}}