{"id":60,"date":"2009-08-19T01:00:45","date_gmt":"2009-08-18T23:00:45","guid":{"rendered":"http:\/\/www.bwtsc.de\/v2\/?page_id=60"},"modified":"2026-01-23T20:03:52","modified_gmt":"2026-01-23T19:03:52","slug":"entstehung-des-vereins","status":"publish","type":"page","link":"https:\/\/www.bwtsc.de\/v2\/?page_id=60","title":{"rendered":"Tauchen und unser Verein"},"content":{"rendered":"<p><strong>letzte \u00c4nderung: 23.01.2026<\/strong><\/p>\n<p><strong>Der Bayerwald Tauchsportclub e.V. wurde im Jahr 1993 von einigen bereits aktiven Tauchern aus der Region in Spiegelau gegr\u00fcndet.<\/strong><\/p>\n<p><strong>Ziel war es seinerzeit geeignete Tauchpartner in der Region zu finden und gleichzeitig diesen faszinierenden Sport einer breiteren \u00d6ffentlichkeit zug\u00e4nglich zu machen.<\/strong><\/p>\n<p><strong>Beides ist uns gelungen. So schnellten die Mitgliederzahlen in den ersten Jahren bis auf weit \u00fcber 100 Mitglieder rauf. <\/strong><strong>Doch die anf\u00e4ngliche Euphorie konnte bei vielen Mitgliedern leider nicht f\u00fcr den Verein und den Sport konserviert werden, soda\u00df\u00a0die Mitgliederzahlen sich\u00a0derzeit bei ca. 50 Mitgliedern einpendeln.<\/strong><\/p>\n<p><strong>Tauchen &#8211; was ist das ?<\/strong><\/p>\n<p><strong>Nun, Tauchen, das ist Hans Hass und Jacques Cousteau, das ist &#8222;Atmen&#8220; unter Wasser.<br \/>\nTauchen ist auch Meeresbiologie. Tauchen ist auch Physiologie. Tauchen ist eine fundierte Ausbildung. <\/strong><strong>Tauchen ist ein recht zeitintensives Hobby und bedarf einer genauen Planung und Logistik.<br \/>\n<\/strong><strong>Eine k\u00f6rperliche Grundfitness ist\u00a0eine Voraussetzung.<br \/>\n<\/strong><strong>Und Tauchen ist ein Partner-Sport: Ein Tauchpartner sollte immer dabei sein.<br \/>\n<\/strong><strong>Wenn auch in letzter Zeit \u201eSave-Solo-Diving\u201c-Konzepte verst\u00e4rkt propagiert werden, sollte doch immer beachtet werden: Der Mensch ist unter Wasser nur ein Gast !!<br \/>\nUnd der Grundsatz \u201eSafety first\u201c sollte immer und \u00fcberall gelten.<br \/>\nUnd in der f\u00fcr den Menschen so faszinierenden Unterwasserwelt kann ein kleiner Fehler leicht zu massiven Problemen f\u00fchren.<br \/>\n<\/strong><strong>Deshalb gilt auch weiterhin: Tauche nie allein !!!<br \/>\n<\/strong><strong>Und eine fundierte Tauchausbildung ist nat\u00fcrlich oberstes Gebot !!!<\/strong><\/p>\n<p><strong>Noch ein weiterer Faktor ist zu beachten: Die Kosten !<br \/>\n<\/strong><strong>Und gerade in unseren Regionen empfiehlt sich die Verwendung von kaltwassertauglichem Equipment.<br \/>\n<\/strong><strong>Da kommen dann schon mal leicht 2000,- und mehr Euro zusammen f\u00fcr eine eigene Ausr\u00fcstung.<br \/>\n<\/strong><strong>Viel Geld f\u00fcr etwas, von dem man nicht wei\u00df, ob es einen auch nach Jahren noch begeistert.<\/strong><\/p>\n<p><strong>Was also tun ?<br \/>\nDen Kopf in den Sand stecken ? Das ist eine M\u00f6glichkeit !!!<br \/>\nDann doch lieber den Kopf ins Wasser stecken ! Nat\u00fcrlich mit uns !!!!<\/strong><\/p>\n<p><strong>Wir sind der <span style=\"color: #ff0000;\">Bayerwald Tauchsportclub e.V.<br \/>\n<\/span><a href=\"http:\/\/www.bwtsc.de\">www.bwtsc.de<\/a><br \/>\n<a href=\"mailto:kontakt@bwtsc.de\">kontakt@bwtsc.de<\/a><\/strong><\/p>\n<p><strong>Bei uns im Verein gibt es (fast) alles:<\/strong><\/p>\n<p><strong>1. <\/strong><strong>Geeignete Ausr\u00fcstung, kaltwassergeeignet versteht sich<br \/>\n<\/strong><strong>2. <\/strong><strong>Tauchpartner, eh klar<br \/>\n<\/strong><strong>3. <\/strong><strong>Eine fundierte Ausbildung nach CMAS Richtlinien ist der \u201eGold-Standard\u201c bei uns<br \/>\n<\/strong><strong>4. <\/strong><strong>G\u00fcnstige Ausbildung mit international anerkannter Zertifizierung (Brevet)<br \/>\n<\/strong><strong>5. <\/strong><strong>Leihausr\u00fcstung f\u00fcr sp\u00e4ter, wenn es finanziell etwas kneift<br \/>\n(oder irgendwann der Bauch \ud83d\ude42 )<br \/>\n<\/strong><strong>6. <\/strong><strong>Nette Leute, Geselligkeit und bei Bedarf nat\u00fcrlich auch das gro\u00dfe Taucher-Latinum<br \/>\n<\/strong><strong>7. <\/strong><strong>Und vieles mehr \u2026\u2026..<\/strong><\/p>\n<p><strong>Also: Worauf wartest Du?<br \/>\n<\/strong><strong>Tauchst Du schon oder \u00fcberlegst Du noch ?<\/strong><\/p>\n<p><strong>Wir freuen uns auf Dich !!!!!<\/strong><\/p>\n","protected":false},"excerpt":{"rendered":"<p>letzte \u00c4nderung: 23.01.2026 Der Bayerwald Tauchsportclub e.V. wurde im Jahr 1993 von einigen bereits aktiven Tauchern aus der Region in Spiegelau gegr\u00fcndet. Ziel war es seinerzeit geeignete Tauchpartner in der Region zu finden und gleichzeitig diesen faszinierenden Sport einer breiteren &hellip; <a href=\"https:\/\/www.bwtsc.de\/v2\/?page_id=60\">Weiterlesen <span class=\"meta-nav\">&rarr;<\/span><\/a><\/p>\n","protected":false},"author":2,"featured_media":0,"parent":0,"menu_order":0,"comment_status":"closed","ping_status":"closed","template":"","meta":{"footnotes":""},"class_list":["post-60","page","type-page","status-publish","hentry"],"aioseo_notices":[],"_links":{"self":[{"href":"https:\/\/www.bwtsc.de\/v2\/index.php?rest_route=\/wp\/v2\/pages\/60","targetHints":{"allow":["GET"]}}],"collection":[{"href":"https:\/\/www.bwtsc.de\/v2\/index.php?rest_route=\/wp\/v2\/pages"}],"about":[{"href":"https:\/\/www.bwtsc.de\/v2\/index.php?rest_route=\/wp\/v2\/types\/page"}],"author":[{"embeddable":true,"href":"https:\/\/www.bwtsc.de\/v2\/index.php?rest_route=\/wp\/v2\/users\/2"}],"replies":[{"embeddable":true,"href":"https:\/\/www.bwtsc.de\/v2\/index.php?rest_route=%2Fwp%2Fv2%2Fcomments&post=60"}],"version-history":[{"count":19,"href":"https:\/\/www.bwtsc.de\/v2\/index.php?rest_route=\/wp\/v2\/pages\/60\/revisions"}],"predecessor-version":[{"id":1095,"href":"https:\/\/www.bwtsc.de\/v2\/index.php?rest_route=\/wp\/v2\/pages\/60\/revisions\/1095"}],"wp:attachment":[{"href":"https:\/\/www.bwtsc.de\/v2\/index.php?rest_route=%2Fwp%2Fv2%2Fmedia&parent=60"}],"curies":[{"name":"wp","href":"https:\/\/api.w.org\/{rel}","templated":true}]}}