{"id":578,"date":"2011-07-10T12:34:31","date_gmt":"2011-07-10T10:34:31","guid":{"rendered":"http:\/\/www.bwtsc.de\/v2\/?page_id=578"},"modified":"2026-01-23T19:52:25","modified_gmt":"2026-01-23T18:52:25","slug":"jahresplanung","status":"publish","type":"page","link":"https:\/\/www.bwtsc.de\/v2\/?page_id=578","title":{"rendered":"Terminplanung"},"content":{"rendered":"<p><!-- [if gte mso 9]><xml> <w:WordDocument> <w:View>Normal<\/w:View> <w:Zoom>0<\/w:Zoom> <w:HyphenationZone>21<\/w:HyphenationZone> <w:PunctuationKerning \/> <w:ValidateAgainstSchemas \/> <w:SaveIfXMLInvalid>false<\/w:SaveIfXMLInvalid> <w:IgnoreMixedContent>false<\/w:IgnoreMixedContent> <w:AlwaysShowPlaceholderText>false<\/w:AlwaysShowPlaceholderText> <w:Compatibility> <w:BreakWrappedTables \/> <w:SnapToGridInCell \/> <w:WrapTextWithPunct \/> <w:UseAsianBreakRules \/> <w:DontGrowAutofit \/> <\/w:Compatibility> <w:BrowserLevel>MicrosoftInternetExplorer4<\/w:BrowserLevel> <\/w:WordDocument> <\/xml><![endif]--><\/p>\n<p><strong>letzte \u00c4nderung: 23.01.2026<br \/>\n<\/strong><\/p>\n<p><em>Tauchen ist ein \u201eOutdoor-Sport\u201c. Deshalb sind auch unsere Aktivit\u00e4ten oftmals den Wetterverh\u00e4ltnissen unterworfen.<br \/>\nUm Ver\u00e4rgerung zu ersparen, kann ein Telefonat eine unn\u00fctze Anreise und mehr verhindern.<\/em><\/p>\n<table border=\"1\" cellspacing=\"0\" cellpadding=\"0\">\n<tbody>\n<tr>\n<td valign=\"top\" width=\"97\">\n<p align=\"center\">\n<\/td>\n<td valign=\"top\" width=\"180\">\n<p align=\"center\"><strong>Tag\/<\/strong><\/p>\n<p align=\"center\"><strong>Zeitraum<\/strong><\/p>\n<\/td>\n<td valign=\"top\" width=\"330\">\n<p align=\"center\"><strong>Was ist los ?<\/strong><\/p>\n<\/td>\n<\/tr>\n<tr>\n<td valign=\"top\" width=\"97\">\n<p align=\"center\">2026<\/p>\n<\/td>\n<td valign=\"top\" width=\"180\">\n<p align=\"center\">2026<\/p>\n<\/td>\n<td valign=\"top\" width=\"330\">\n<p align=\"center\">2026<\/p>\n<\/td>\n<\/tr>\n<tr>\n<td valign=\"top\" width=\"97\">\n<p style=\"text-align: center;\" align=\"center\"><strong>Januar<\/strong><\/p>\n<\/td>\n<td style=\"text-align: center;\" valign=\"top\" width=\"180\"><strong>06.01.2023<\/strong><\/td>\n<td valign=\"top\" width=\"330\">\nTarditionelle Wanderung zum Schwellh\u00e4usl<\/td>\n<\/tr>\n<tr>\n<td valign=\"top\" width=\"97\">\n<p align=\"center\"><strong>Februar<\/strong><\/p>\n<\/td>\n<td style=\"text-align: center;\" valign=\"top\" width=\"180\"><\/td>\n<td valign=\"top\" width=\"330\"><\/td>\n<\/tr>\n<tr>\n<td valign=\"top\" width=\"97\">\n<p align=\"center\"><strong>M\u00e4rz<\/strong><\/p>\n<\/td>\n<td style=\"text-align: center;\" valign=\"top\" width=\"180\"><\/td>\n<td valign=\"top\" width=\"330\"><\/td>\n<\/tr>\n<tr>\n<td valign=\"top\" width=\"97\">\n<p align=\"center\"><strong>April<\/strong><\/p>\n<\/td>\n<td style=\"text-align: center;\" valign=\"top\" width=\"180\"><\/td>\n<td valign=\"top\" width=\"330\"><\/td>\n<\/tr>\n<tr>\n<td valign=\"top\" width=\"97\">\n<p align=\"center\"><strong>Mai<\/strong><\/p>\n<\/td>\n<td style=\"text-align: center;\" valign=\"top\" width=\"180\"><\/td>\n<td valign=\"top\" width=\"330\"><\/td>\n<\/tr>\n<tr>\n<td valign=\"top\" width=\"97\">\n<p align=\"center\"><strong>Juni<\/strong><\/p>\n<\/td>\n<td style=\"text-align: center;\" valign=\"top\" width=\"180\"><\/td>\n<td valign=\"top\" width=\"330\"><\/td>\n<\/tr>\n<\/tbody>\n<\/table>\n<p><em>Allgemeiner Hinweis:<br \/>\nF\u00fcr die Inhalte der verlinkten Seiten sind die Herausgeber selbst verantwortlich.<\/em><em><br \/>\n<em>Wir betonen ausdr\u00fccklich, dass wir keinerlei Einfluss auf die Gestaltung und die Inhalte der gelinkten Seiten haben! Wir distanzieren uns hiermit ausdr\u00fccklich von den Inhalten aller gelinkten Seiten.<\/em><\/em><\/p>\n<p><!-- [if gte mso 9]><xml> <w:LatentStyles DefLockedState=\"false\" LatentStyleCount=\"156\"> <\/w:LatentStyles> <\/xml><![endif]--><!-- [if gte mso 10]>\n<mce:style><! \/* Style Definitions *\/ table.MsoNormalTable {mso-style-name:\"Normale Tabelle\"; mso-tstyle-rowband-size:0; mso-tstyle-colband-size:0; mso-style-noshow:yes; mso-style-parent:\"\"; mso-padding-alt:0cm 5.4pt 0cm 5.4pt; mso-para-margin:0cm; mso-para-margin-bottom:.0001pt; mso-pagination:widow-orphan; font-size:10.0pt; font-family:\"Times New Roman\"; mso-ansi-language:#0400; mso-fareast-language:#0400; mso-bidi-language:#0400;} --><\/p>\n<p><!--[endif] --><\/p>\n","protected":false},"excerpt":{"rendered":"<p>letzte \u00c4nderung: 23.01.2026 Tauchen ist ein \u201eOutdoor-Sport\u201c. Deshalb sind auch unsere Aktivit\u00e4ten oftmals den Wetterverh\u00e4ltnissen unterworfen. Um Ver\u00e4rgerung zu ersparen, kann ein Telefonat eine unn\u00fctze Anreise und mehr verhindern. Tag\/ Zeitraum Was ist los ? 2026 2026 2026 Januar 06.01.2023 &hellip; <a href=\"https:\/\/www.bwtsc.de\/v2\/?page_id=578\">Weiterlesen <span class=\"meta-nav\">&rarr;<\/span><\/a><\/p>\n","protected":false},"author":2,"featured_media":0,"parent":0,"menu_order":0,"comment_status":"closed","ping_status":"closed","template":"","meta":{"footnotes":""},"class_list":["post-578","page","type-page","status-publish","hentry"],"aioseo_notices":[],"_links":{"self":[{"href":"https:\/\/www.bwtsc.de\/v2\/index.php?rest_route=\/wp\/v2\/pages\/578","targetHints":{"allow":["GET"]}}],"collection":[{"href":"https:\/\/www.bwtsc.de\/v2\/index.php?rest_route=\/wp\/v2\/pages"}],"about":[{"href":"https:\/\/www.bwtsc.de\/v2\/index.php?rest_route=\/wp\/v2\/types\/page"}],"author":[{"embeddable":true,"href":"https:\/\/www.bwtsc.de\/v2\/index.php?rest_route=\/wp\/v2\/users\/2"}],"replies":[{"embeddable":true,"href":"https:\/\/www.bwtsc.de\/v2\/index.php?rest_route=%2Fwp%2Fv2%2Fcomments&post=578"}],"version-history":[{"count":128,"href":"https:\/\/www.bwtsc.de\/v2\/index.php?rest_route=\/wp\/v2\/pages\/578\/revisions"}],"predecessor-version":[{"id":1087,"href":"https:\/\/www.bwtsc.de\/v2\/index.php?rest_route=\/wp\/v2\/pages\/578\/revisions\/1087"}],"wp:attachment":[{"href":"https:\/\/www.bwtsc.de\/v2\/index.php?rest_route=%2Fwp%2Fv2%2Fmedia&parent=578"}],"curies":[{"name":"wp","href":"https:\/\/api.w.org\/{rel}","templated":true}]}}