{"id":56,"date":"2009-08-31T23:30:51","date_gmt":"2009-08-31T21:30:51","guid":{"rendered":"http:\/\/www.bwtsc.de\/v2\/?page_id=56"},"modified":"2026-01-23T20:03:01","modified_gmt":"2026-01-23T19:03:01","slug":"schnuppertauchen-und-tauchausbildung","status":"publish","type":"page","link":"https:\/\/www.bwtsc.de\/v2\/?page_id=56","title":{"rendered":"Schnuppertauchen"},"content":{"rendered":"<p><strong>letzte Aktualisierung: 23.01.2026<\/strong><\/p>\n<p>F\u00fcr alle, die Tauchen interessiert und schon immer mal ausprobieren wollten, jedoch noch nie die M\u00f6glichkeit dazu hatten, bieten wir sogenannte <strong>Schnuppertauchg\u00e4nge <\/strong><strong>im Hallen- oder Freibad<\/strong> an.<\/p>\n<p>Ihr k\u00f6nnt dort mit unseren Ausbildern Eure <strong>ersten \u201eAtemversuche\u201c unter Wasser<\/strong> machen und Euch wie Darth Vader f\u00fchlen.<\/p>\n<p><strong><span style=\"color: #ff0000;\">Bei Interesse meldet Euch bitte telefonisch bei Daniel unter:<\/span><\/strong><\/p>\n<p style=\"text-align: center;\"><strong><span style=\"color: #ff0000;\">0151 \u2013 4 zwei 3 zwei 51 zwei 3<\/span><\/strong><\/p>\n<p>Dort k\u00f6nnt ihr dann n\u00e4heres erfahren und kommt dann sicher auch bald ins bzw. unter Wasser !!!<\/p>\n<p><strong><span style=\"color: #ff0000;\">Den ersten Schritt m\u00fc\u00dft ihr machen, alles weitere organisieren wir dann f\u00fcr Euch.<\/span><\/strong><\/p>\n<p>Fragt bitte auch gleich nach den leider notwendigen <strong>\u201eFormalit\u00e4ten\u201c bzw. \u201eMindestanforderungen\u201c<\/strong> .<br \/>\nEine der <strong>Mindestanforderungen<\/strong> sei hier gleich erw\u00e4hnt: Das Alter ab <strong>mindestens 10 Jahren<\/strong> ist nach den Rahmenbedingungen zu beachten. Aber dazu bitte Kontakt aufnehmen mit obiger Nummer. Wir werden einen Weg finden.<\/p>\n<p>Aber keine Angst vor der Tiefsee: Die empfohlene Schnuppertauchtiefe ist 1,80-2 m und eine maximale Tauchtiefe von 5 m wird nicht \u00fcberschritten !!!!<br \/>\n(Ist in den Grafenauer B\u00e4dern und Umgebung (Sch\u00f6nberg, Regen) auch rein \u201ebautechnisch\u201c schlecht m\u00f6glich :-))<\/p>\n<p><span style=\"color: #0000ff;\"><strong>Interessierte, die bereits \u00fcber das Schnuppern hinaus sind, schauen bitte bei <\/strong><strong>Tauchausbildung.<\/strong><\/span><\/p>\n","protected":false},"excerpt":{"rendered":"<p>letzte Aktualisierung: 23.01.2026 F\u00fcr alle, die Tauchen interessiert und schon immer mal ausprobieren wollten, jedoch noch nie die M\u00f6glichkeit dazu hatten, bieten wir sogenannte Schnuppertauchg\u00e4nge im Hallen- oder Freibad an. Ihr k\u00f6nnt dort mit unseren Ausbildern Eure ersten \u201eAtemversuche\u201c unter &hellip; <a href=\"https:\/\/www.bwtsc.de\/v2\/?page_id=56\">Weiterlesen <span class=\"meta-nav\">&rarr;<\/span><\/a><\/p>\n","protected":false},"author":2,"featured_media":0,"parent":0,"menu_order":0,"comment_status":"closed","ping_status":"closed","template":"","meta":{"footnotes":""},"class_list":["post-56","page","type-page","status-publish","hentry"],"aioseo_notices":[],"_links":{"self":[{"href":"https:\/\/www.bwtsc.de\/v2\/index.php?rest_route=\/wp\/v2\/pages\/56","targetHints":{"allow":["GET"]}}],"collection":[{"href":"https:\/\/www.bwtsc.de\/v2\/index.php?rest_route=\/wp\/v2\/pages"}],"about":[{"href":"https:\/\/www.bwtsc.de\/v2\/index.php?rest_route=\/wp\/v2\/types\/page"}],"author":[{"embeddable":true,"href":"https:\/\/www.bwtsc.de\/v2\/index.php?rest_route=\/wp\/v2\/users\/2"}],"replies":[{"embeddable":true,"href":"https:\/\/www.bwtsc.de\/v2\/index.php?rest_route=%2Fwp%2Fv2%2Fcomments&post=56"}],"version-history":[{"count":40,"href":"https:\/\/www.bwtsc.de\/v2\/index.php?rest_route=\/wp\/v2\/pages\/56\/revisions"}],"predecessor-version":[{"id":1094,"href":"https:\/\/www.bwtsc.de\/v2\/index.php?rest_route=\/wp\/v2\/pages\/56\/revisions\/1094"}],"wp:attachment":[{"href":"https:\/\/www.bwtsc.de\/v2\/index.php?rest_route=%2Fwp%2Fv2%2Fmedia&parent=56"}],"curies":[{"name":"wp","href":"https:\/\/api.w.org\/{rel}","templated":true}]}}