{"id":44,"date":"2009-08-27T16:40:02","date_gmt":"2009-08-27T14:40:02","guid":{"rendered":"http:\/\/www.bwtsc.de\/v2\/?page_id=44"},"modified":"2018-05-27T23:46:13","modified_gmt":"2018-05-27T21:46:13","slug":"vereinsbeitrage-und-versicherungen","status":"publish","type":"page","link":"https:\/\/www.bwtsc.de\/v2\/?page_id=44","title":{"rendered":"Mitgliedschaft"},"content":{"rendered":"<p style=\"text-align: left;\"><strong>Letzte \u00c4nderung : 27.05.2018<\/strong><\/p>\n<p align=\"center\"><strong><span style=\"font-size: 16pt; color: red; font-family: Arial;\">Jahresmitgliedschaftsbeitr\u00e4ge<\/span><\/strong><\/p>\n<table border=\"0\" cellspacing=\"0\" cellpadding=\"0\">\n<tbody>\n<tr>\n<td valign=\"top\" width=\"312\"><strong><span style=\"color: #0000ff;\">Sch\u00fcler\/Studenten\/Auszubildende<\/span><\/strong><\/td>\n<td valign=\"top\" width=\"156\">\n<p align=\"right\"><strong><span style=\"color: #0000ff;\">55,- \u20ac<\/span><\/strong><\/p>\n<\/td>\n<\/tr>\n<tr>\n<td valign=\"top\" width=\"312\"><strong><span style=\"color: #0000ff;\">Erwachsene<\/span><\/strong><\/td>\n<td valign=\"top\" width=\"156\">\n<p align=\"right\"><strong><span style=\"color: #0000ff;\">73,- \u20ac<\/span><\/strong><\/p>\n<\/td>\n<\/tr>\n<tr>\n<td valign=\"top\" width=\"312\"><strong><span style=\"color: #0000ff;\">Familien<\/span><\/strong><\/td>\n<td valign=\"top\" width=\"156\">\n<p align=\"right\"><strong><span style=\"color: #0000ff;\">110,- \u20ac<\/span><\/strong><\/p>\n<\/td>\n<\/tr>\n<tr>\n<td valign=\"top\" width=\"312\"><strong><span style=\"color: #0000ff;\">passive Mitglieder<\/span><\/strong><\/td>\n<td valign=\"top\" width=\"156\">\n<p align=\"right\"><strong><span style=\"color: #0000ff;\">38,- \u20ac<\/span><\/strong><\/p>\n<\/td>\n<\/tr>\n<\/tbody>\n<\/table>\n<table style=\"text-align: left;\" border=\"0\" cellspacing=\"0\" cellpadding=\"0\">\n<tbody>\n<tr>\n<td style=\"text-align: left;\" valign=\"top\" width=\"408\"><span style=\"color: #000000;\"><strong>plus zus\u00e4tzlich anfallende Geb\u00fchren f\u00fcr alle <span style=\"color: #ff0000;\">aktiven<\/span> <span style=\"color: #ff0000;\">Vereinsmitglieder<\/span> ab dem 15. Lebensjahr f\u00fcr VDST \u2013 Hotline, pro Jahr<\/strong> <\/span><\/td>\n<td valign=\"top\" width=\"60\">\n<p align=\"right\"><span style=\"color: #000000;\"><strong>9,10 \u20ac<\/strong><\/span><\/p>\n<\/td>\n<\/tr>\n<\/tbody>\n<\/table>\n<p><span style=\"color: #ff0000;\"><strong>Den Aufnahmeantrag des BWTSC findet ihr <a href=\"http:\/\/www.bwtsc.de\/v2\/wp-content\/uploads\/2018\/05\/zz-AufnahmeantragTSC-original-franz.pdf\">hier<\/a>.<br \/>\n<\/strong><\/span><\/p>\n<p><strong>VDST-Taucherhotline <span style=\"color: #ff0000;\">+49 69 800 88 616<\/span><br \/>\n<\/strong>(= Hotline f\u00fcr den Notfall plus Reisekranken-, Unfall-, Haftpflicht- sowie weltweite Rechtschutzversicherung.)<br \/>\n<strong><span style=\"color: #ff0000;\">Bedingungen, vor allem ob die Leistung an den Tauchsport gebunden ist, bitte unter <a href=\"http:\/\/www.vdst.de\">www.vdst.de<\/a> nachlesen !!!!<\/span><\/strong><\/p>\n<p style=\"text-align: left;\">Versichert sind alle <strong>AKTIV<\/strong> gemeldeten Vereinsmitglieder im VDST vom vollendeten 6. Lebensjahr an, zahlungspflichtig aber erst nach Vollendung des 14. Lebensjahres !!!<strong><span style=\"text-decoration: underline;\"><br \/>\n<\/span><\/strong><span style=\"color: #ff0000;\"><span style=\"color: #000000;\">D<\/span><\/span>iese Geb\u00fchren werden von uns direkt an den VDST abgef\u00fchrt.<br \/>\nF\u00fcr PASSIVE Mitglieder f\u00e4llt diese Abgabe NICHT an, es besteht f\u00fcr Passive auch keine Versicherung im VDST.<br \/>\n<strong>F\u00fcr den Versicherungsumfang bitte beim <a href=\"http:\/\/www.vdst.de\/\">www.vdst.de<\/a> schauen,<br \/>\ndann Men\u00fcpunkt Mitglieder und Untermen\u00fc durchklicken.<\/strong> <strong><br \/>\n<\/strong><\/p>\n<div style=\"text-align: left;\"><strong>BLSV-Versicherung<\/strong><br \/>\nUnfall-, Haftpflicht-, Verm\u00f6gensschadenhaftpflicht sowie Vertrauensschadenversicherung<\/div>\n","protected":false},"excerpt":{"rendered":"<p>Letzte \u00c4nderung : 27.05.2018 Jahresmitgliedschaftsbeitr\u00e4ge Sch\u00fcler\/Studenten\/Auszubildende 55,- \u20ac Erwachsene 73,- \u20ac Familien 110,- \u20ac passive Mitglieder 38,- \u20ac plus zus\u00e4tzlich anfallende Geb\u00fchren f\u00fcr alle aktiven Vereinsmitglieder ab dem 15. Lebensjahr f\u00fcr VDST \u2013 Hotline, pro Jahr 9,10 \u20ac Den Aufnahmeantrag &hellip; <a href=\"https:\/\/www.bwtsc.de\/v2\/?page_id=44\">Weiterlesen <span class=\"meta-nav\">&rarr;<\/span><\/a><\/p>\n","protected":false},"author":2,"featured_media":0,"parent":0,"menu_order":0,"comment_status":"closed","ping_status":"closed","template":"","meta":{"footnotes":""},"class_list":["post-44","page","type-page","status-publish","hentry"],"aioseo_notices":[],"_links":{"self":[{"href":"https:\/\/www.bwtsc.de\/v2\/index.php?rest_route=\/wp\/v2\/pages\/44","targetHints":{"allow":["GET"]}}],"collection":[{"href":"https:\/\/www.bwtsc.de\/v2\/index.php?rest_route=\/wp\/v2\/pages"}],"about":[{"href":"https:\/\/www.bwtsc.de\/v2\/index.php?rest_route=\/wp\/v2\/types\/page"}],"author":[{"embeddable":true,"href":"https:\/\/www.bwtsc.de\/v2\/index.php?rest_route=\/wp\/v2\/users\/2"}],"replies":[{"embeddable":true,"href":"https:\/\/www.bwtsc.de\/v2\/index.php?rest_route=%2Fwp%2Fv2%2Fcomments&post=44"}],"version-history":[{"count":89,"href":"https:\/\/www.bwtsc.de\/v2\/index.php?rest_route=\/wp\/v2\/pages\/44\/revisions"}],"predecessor-version":[{"id":1031,"href":"https:\/\/www.bwtsc.de\/v2\/index.php?rest_route=\/wp\/v2\/pages\/44\/revisions\/1031"}],"wp:attachment":[{"href":"https:\/\/www.bwtsc.de\/v2\/index.php?rest_route=%2Fwp%2Fv2%2Fmedia&parent=44"}],"curies":[{"name":"wp","href":"https:\/\/api.w.org\/{rel}","templated":true}]}}