{"id":384,"date":"2010-02-04T10:41:30","date_gmt":"2010-02-04T09:41:30","guid":{"rendered":"http:\/\/www.bwtsc.de\/v2\/?page_id=384"},"modified":"2012-07-20T10:38:05","modified_gmt":"2012-07-20T08:38:05","slug":"gastebuch","status":"publish","type":"page","link":"https:\/\/www.bwtsc.de\/v2\/?page_id=384","title":{"rendered":"G\u00e4stebuch"},"content":{"rendered":"<p>Hier k\u00f6nnt Ihr Eure Meinungen (oder sonst was) uns oder auch Euch  untereinander mitteilen.<br \/>\nEure Beitr\u00e4ge erscheinen dann etwas zeitverz\u00f6gert.<br \/>\nUnd sind f\u00fcr jedermann lesbar !!<\/p>\n<p>Der aktuellste Beitrag steht ganz oben.<br \/>\nZum Beitragschreiben entweder auf das P\u00fcnktchen links etwas  unterhalb klicken oder Seite nach unten scrollen.<\/p>\n","protected":false},"excerpt":{"rendered":"<p>Hier k\u00f6nnt Ihr Eure Meinungen (oder sonst was) uns oder auch Euch untereinander mitteilen. Eure Beitr\u00e4ge erscheinen dann etwas zeitverz\u00f6gert. Und sind f\u00fcr jedermann lesbar !! Der aktuellste Beitrag steht ganz oben. Zum Beitragschreiben entweder auf das P\u00fcnktchen links etwas &hellip; <a href=\"https:\/\/www.bwtsc.de\/v2\/?page_id=384\">Weiterlesen <span class=\"meta-nav\">&rarr;<\/span><\/a><\/p>\n","protected":false},"author":1,"featured_media":0,"parent":0,"menu_order":0,"comment_status":"closed","ping_status":"closed","template":"","meta":{"footnotes":""},"class_list":["post-384","page","type-page","status-publish","hentry"],"aioseo_notices":[],"_links":{"self":[{"href":"https:\/\/www.bwtsc.de\/v2\/index.php?rest_route=\/wp\/v2\/pages\/384","targetHints":{"allow":["GET"]}}],"collection":[{"href":"https:\/\/www.bwtsc.de\/v2\/index.php?rest_route=\/wp\/v2\/pages"}],"about":[{"href":"https:\/\/www.bwtsc.de\/v2\/index.php?rest_route=\/wp\/v2\/types\/page"}],"author":[{"embeddable":true,"href":"https:\/\/www.bwtsc.de\/v2\/index.php?rest_route=\/wp\/v2\/users\/1"}],"replies":[{"embeddable":true,"href":"https:\/\/www.bwtsc.de\/v2\/index.php?rest_route=%2Fwp%2Fv2%2Fcomments&post=384"}],"version-history":[{"count":12,"href":"https:\/\/www.bwtsc.de\/v2\/index.php?rest_route=\/wp\/v2\/pages\/384\/revisions"}],"predecessor-version":[{"id":699,"href":"https:\/\/www.bwtsc.de\/v2\/index.php?rest_route=\/wp\/v2\/pages\/384\/revisions\/699"}],"wp:attachment":[{"href":"https:\/\/www.bwtsc.de\/v2\/index.php?rest_route=%2Fwp%2Fv2%2Fmedia&parent=384"}],"curies":[{"name":"wp","href":"https:\/\/api.w.org\/{rel}","templated":true}]}}