{"id":243,"date":"2009-08-28T10:05:54","date_gmt":"2009-08-28T08:05:54","guid":{"rendered":"http:\/\/www.bwtsc.de\/v2\/?page_id=243"},"modified":"2018-04-03T20:47:19","modified_gmt":"2018-04-03T18:47:19","slug":"tauchausrustung","status":"publish","type":"page","link":"https:\/\/www.bwtsc.de\/v2\/?page_id=243","title":{"rendered":"Tauchausr\u00fcstung"},"content":{"rendered":"<p><strong><span style=\"color: #000000;\">letzte \u00c4nderung: 03.04.2018<\/span><\/strong><\/p>\n<p><strong><span style=\"color: #ff0000;\">Der Verein bietet seinen Mitgliedern eine Vielzahl von Ausr\u00fcstungsgegenst\u00e4nden kostenlos zum Verleih an.<\/span><\/strong><\/p>\n<p><strong><span style=\"color: #0000ff;\">Im Vereinsinventar sind u.a. enthalten:<\/span><\/strong><\/p>\n<p><strong>Pressluftflaschen 10 \u2013 15 l und Kinderpressluftflaschen 4 l<br \/>\nTauch-Jackets in den Gr\u00f6\u00dfen XS bis XL und Kinderjackets<br \/>\nLungenautomaten, z.T. mit Finimeter, Oktopus, Tiefenmesser<br \/>\nGurte f\u00fcr\/mit Blei<br \/>\nNeoprenanz\u00fcge bis 7 mm, Eiswesten, Hauben<br \/>\nFlossen<br \/>\nF\u00fc\u00dflinge<br \/>\nHandschuhe<br \/>\nTauchmasken, z.T. mit Schnorchel<\/strong><strong> <\/strong><\/p>\n<p><strong><span style=\"color: #ff0000;\">Weitere Ausr\u00fcstungsgegenst\u00e4nde k\u00f6nnen ggflls. leihweise privat von den Vereinsmitgliedern an Vereinsmitglieder vermittelt werden !!!<br \/>\nFragen lohnt manchmal, tut nicht weh und\u00a0kann u.U.\u00a0 immense Kosten sparen !!!<br \/>\n<\/span><\/strong>Da es sich hierbei um\u00a0reine und private Freundschaftsdienste unter Vereinsmitgliedern\u00a0f\u00fcr z.T. sehr teure Gegenst\u00e4nde handelt, ist eine angemessene Sicherheitskaution\u00a0manchmal angebracht und im beiderseitigen Einverst\u00e4ndnis auch sinnvoll. So kann man sp\u00e4tere Mi\u00dfverst\u00e4ndnisse, gerade bei Totalverlust, vermeiden !!!<\/p>\n","protected":false},"excerpt":{"rendered":"<p>letzte \u00c4nderung: 03.04.2018 Der Verein bietet seinen Mitgliedern eine Vielzahl von Ausr\u00fcstungsgegenst\u00e4nden kostenlos zum Verleih an. Im Vereinsinventar sind u.a. enthalten: Pressluftflaschen 10 \u2013 15 l und Kinderpressluftflaschen 4 l Tauch-Jackets in den Gr\u00f6\u00dfen XS bis XL und Kinderjackets Lungenautomaten, &hellip; <a href=\"https:\/\/www.bwtsc.de\/v2\/?page_id=243\">Weiterlesen <span class=\"meta-nav\">&rarr;<\/span><\/a><\/p>\n","protected":false},"author":2,"featured_media":0,"parent":0,"menu_order":0,"comment_status":"closed","ping_status":"closed","template":"","meta":{"footnotes":""},"class_list":["post-243","page","type-page","status-publish","hentry"],"aioseo_notices":[],"_links":{"self":[{"href":"https:\/\/www.bwtsc.de\/v2\/index.php?rest_route=\/wp\/v2\/pages\/243","targetHints":{"allow":["GET"]}}],"collection":[{"href":"https:\/\/www.bwtsc.de\/v2\/index.php?rest_route=\/wp\/v2\/pages"}],"about":[{"href":"https:\/\/www.bwtsc.de\/v2\/index.php?rest_route=\/wp\/v2\/types\/page"}],"author":[{"embeddable":true,"href":"https:\/\/www.bwtsc.de\/v2\/index.php?rest_route=\/wp\/v2\/users\/2"}],"replies":[{"embeddable":true,"href":"https:\/\/www.bwtsc.de\/v2\/index.php?rest_route=%2Fwp%2Fv2%2Fcomments&post=243"}],"version-history":[{"count":15,"href":"https:\/\/www.bwtsc.de\/v2\/index.php?rest_route=\/wp\/v2\/pages\/243\/revisions"}],"predecessor-version":[{"id":990,"href":"https:\/\/www.bwtsc.de\/v2\/index.php?rest_route=\/wp\/v2\/pages\/243\/revisions\/990"}],"wp:attachment":[{"href":"https:\/\/www.bwtsc.de\/v2\/index.php?rest_route=%2Fwp%2Fv2%2Fmedia&parent=243"}],"curies":[{"name":"wp","href":"https:\/\/api.w.org\/{rel}","templated":true}]}}