{"id":1100,"date":"2026-02-10T10:15:32","date_gmt":"2026-02-10T09:15:32","guid":{"rendered":"https:\/\/www.bwtsc.de\/v2\/?page_id=1100"},"modified":"2026-02-15T10:51:36","modified_gmt":"2026-02-15T09:51:36","slug":"tauchsafari-aegypten-2025","status":"publish","type":"page","link":"https:\/\/www.bwtsc.de\/v2\/?page_id=1100","title":{"rendered":"Tauchsafari \u00c4gypten 2025"},"content":{"rendered":"\n\n\n<h2 class=\"wp-block-heading\">Der Bayerwald Tauchsportclub im November 2025 auf gro\u00dfer Fahrt<\/h2>\n\n\n\n\n\n<div class=\"wp-block-columns is-layout-flex wp-container-core-columns-is-layout-9d6595d7 wp-block-columns-is-layout-flex\">\n<div class=\"wp-block-column is-layout-flow wp-block-column-is-layout-flow\" style=\"flex-basis:100%\"><\/div>\n<\/div>\n\n\n\n<p>Dieses Jahr ging es mit dem BWTSC auf Tauchsafari nach \u00c4gypten. Perfekt organisiert wurde diese Nord- und Wracktour vom Ben und Daniel \u00fcber die Charly Reisen GmbH, Wendelstein.<\/p>\n\n\n\n<figure class=\"wp-block-image size-large\"><a href=\"http:\/\/www.bwtsc.de\/v2\/wp-content\/uploads\/2026\/02\/Bild1.jpg\"><img loading=\"lazy\" decoding=\"async\" width=\"1024\" height=\"1014\" src=\"http:\/\/www.bwtsc.de\/v2\/wp-content\/uploads\/2026\/02\/Bild1-1024x1014.jpg\" alt=\"\" class=\"wp-image-1126\" srcset=\"https:\/\/www.bwtsc.de\/v2\/wp-content\/uploads\/2026\/02\/Bild1-1024x1014.jpg 1024w, https:\/\/www.bwtsc.de\/v2\/wp-content\/uploads\/2026\/02\/Bild1-300x297.jpg 300w, https:\/\/www.bwtsc.de\/v2\/wp-content\/uploads\/2026\/02\/Bild1-150x150.jpg 150w, https:\/\/www.bwtsc.de\/v2\/wp-content\/uploads\/2026\/02\/Bild1-768x760.jpg 768w, https:\/\/www.bwtsc.de\/v2\/wp-content\/uploads\/2026\/02\/Bild1-303x300.jpg 303w, https:\/\/www.bwtsc.de\/v2\/wp-content\/uploads\/2026\/02\/Bild1.jpg 1304w\" sizes=\"auto, (max-width: 1024px) 100vw, 1024px\" \/><\/a><\/figure>\n\n\n\n<p>Neben Ben und Daniel trafen sich Josef, Martin, Norbert und Volker am 13.11.2025 mitten in der Nacht am Treffpunkt Kloster. Mit einem privat organisierten Transfer ging es weiter zum M\u00fcnchener Flughafen. Um ca. 8.30h startete der Flieger dann p\u00fcnktlich nach Hurghada.<br>Gute 4 Stunden Flug sp\u00e4ter wurden wir sofort zum Transferbus geleitet und auf unser Schiff, die <strong>Sea Serpent<\/strong>, im Hafen von Hurghada chauffiert. Dort konnten wir gleich unsere Doppelkabinen am Oberdeck beziehen.<\/p>\n\n\n\n<figure class=\"wp-block-image size-large\"><a href=\"http:\/\/www.bwtsc.de\/v2\/wp-content\/uploads\/2026\/02\/Bild2.jpg\"><img loading=\"lazy\" decoding=\"async\" width=\"1024\" height=\"768\" src=\"http:\/\/www.bwtsc.de\/v2\/wp-content\/uploads\/2026\/02\/Bild2-1024x768.jpg\" alt=\"\" class=\"wp-image-1127\" srcset=\"https:\/\/www.bwtsc.de\/v2\/wp-content\/uploads\/2026\/02\/Bild2-1024x768.jpg 1024w, https:\/\/www.bwtsc.de\/v2\/wp-content\/uploads\/2026\/02\/Bild2-300x225.jpg 300w, https:\/\/www.bwtsc.de\/v2\/wp-content\/uploads\/2026\/02\/Bild2-768x576.jpg 768w, https:\/\/www.bwtsc.de\/v2\/wp-content\/uploads\/2026\/02\/Bild2-400x300.jpg 400w, https:\/\/www.bwtsc.de\/v2\/wp-content\/uploads\/2026\/02\/Bild2.jpg 1386w\" sizes=\"auto, (max-width: 1024px) 100vw, 1024px\" \/><\/a><\/figure>\n\n\n\n<p>Insgesamt waren 20 Tauchg\u00e4ste aus Deutschland, D\u00e4nemark, Schweiz und England auf dem Boot. Mit dabei waren auch 2 Guides und jede Menge flei\u00dfige und helfende H\u00e4nde der Crew, die uns die l\u00e4stigen Dinge vor und nach dem Tauchen abnahmen und in der K\u00fcche fantastische Dinge zauberten. So konnte das Abenteuer und das Deko-Bier endlich seinen Lauf nehmen.<br>Nach der 1. Nacht auf dem Boot noch im Hafen erfolgte als erstes ein sehr detailliertes Briefing der Sicherheitsaspekte an Bord mit anschlie\u00dfender \u00dcbung. \u00dcberhaupt nahm das Thema Sicherheit an Bord und im Wasser w\u00e4hrend der ganzen Woche einen gro\u00dfen Raum ein. Die Tauchbriefings wurden perfekt mit Videomaterial und jeder Menge n\u00fctzlicher Infos zum jeweiligen Tauchspot unterst\u00fctzt.<br>Nach den gr\u00fcndlichen Hafenbeh\u00f6rdenformalit\u00e4ten hie\u00df es endlich \u201eLeinen los\u201c und der t\u00e4gliche Tauchwahnsinn nahm seinen Lauf. Getaucht wurde immer zeitversetzt in 2 Gruppen, sodass im Wasser eigentlich nie ein Gewusel auftrat.<\/p>\n\n\n\n<figure class=\"wp-block-image size-large\"><a href=\"http:\/\/www.bwtsc.de\/v2\/wp-content\/uploads\/2026\/02\/Bild3.jpg\"><img loading=\"lazy\" decoding=\"async\" width=\"745\" height=\"1024\" src=\"http:\/\/www.bwtsc.de\/v2\/wp-content\/uploads\/2026\/02\/Bild3-745x1024.jpg\" alt=\"\" class=\"wp-image-1128\" srcset=\"https:\/\/www.bwtsc.de\/v2\/wp-content\/uploads\/2026\/02\/Bild3-745x1024.jpg 745w, https:\/\/www.bwtsc.de\/v2\/wp-content\/uploads\/2026\/02\/Bild3-218x300.jpg 218w, https:\/\/www.bwtsc.de\/v2\/wp-content\/uploads\/2026\/02\/Bild3-768x1056.jpg 768w, https:\/\/www.bwtsc.de\/v2\/wp-content\/uploads\/2026\/02\/Bild3.jpg 974w\" sizes=\"auto, (max-width: 745px) 100vw, 745px\" \/><\/a><\/figure>\n\n\n\n<p>Am <strong>1. Tauchtag <\/strong>wurden dann noch noch 2 Tauchg\u00e4nge absolviert:<br>Nach dem Checkdive am Tauchspot <strong>Siyoul Kebir <\/strong>erkundeten wir <strong>Gubal Island<\/strong>.<br>Zu sehen waren hier die \u00fcblichen Verd\u00e4chtigen wie Mur\u00e4nen, Drachenk\u00f6pfe, Steinfisch, Schlange, Octopus, Schnecke, Rotfeuerfische, Blaupunktrochen, \u2026<br><br>Der<strong> 2. Tauchtag <\/strong>mit 4 Tauchg\u00e4ngen brachte uns gleich morgens gegen 7 Uhr auf n\u00fcchternen Magen zum <strong>Wrack der Ulysses<\/strong>, einem britischen Handelsschiff, gesunken 1887 nahe Gubal Island, welches auf einer Tiefe von 25-35 m liegt. Hier ging es mit m\u00e4\u00dfiger Str\u00f6mung etwas zugiger zu, daf\u00fcr gab es dann aber extrem viel Fisch zu sehen.<\/p>\n\n\n\n<figure class=\"wp-block-image size-large\"><a href=\"http:\/\/www.bwtsc.de\/v2\/wp-content\/uploads\/2026\/02\/Bild4.jpg\"><img loading=\"lazy\" decoding=\"async\" width=\"768\" height=\"1024\" src=\"http:\/\/www.bwtsc.de\/v2\/wp-content\/uploads\/2026\/02\/Bild4-768x1024.jpg\" alt=\"\" class=\"wp-image-1129\" srcset=\"https:\/\/www.bwtsc.de\/v2\/wp-content\/uploads\/2026\/02\/Bild4-768x1024.jpg 768w, https:\/\/www.bwtsc.de\/v2\/wp-content\/uploads\/2026\/02\/Bild4-225x300.jpg 225w, https:\/\/www.bwtsc.de\/v2\/wp-content\/uploads\/2026\/02\/Bild4-1152x1536.jpg 1152w, https:\/\/www.bwtsc.de\/v2\/wp-content\/uploads\/2026\/02\/Bild4.jpg 1429w\" sizes=\"auto, (max-width: 768px) 100vw, 768px\" \/><\/a><\/figure>\n\n\n\n<p>Den 2. und 3. Tauchgang des Tages absolvierten wir nach l\u00e4ngerer Fahrt dann am <strong>Wrack der SS Thistlegorm.<\/strong><\/p>\n\n\n\n<figure class=\"wp-block-image size-large\"><a href=\"http:\/\/www.bwtsc.de\/v2\/wp-content\/uploads\/2026\/02\/Bild5.jpg\"><img loading=\"lazy\" decoding=\"async\" width=\"1024\" height=\"768\" src=\"http:\/\/www.bwtsc.de\/v2\/wp-content\/uploads\/2026\/02\/Bild5-1024x768.jpg\" alt=\"\" class=\"wp-image-1130\" srcset=\"https:\/\/www.bwtsc.de\/v2\/wp-content\/uploads\/2026\/02\/Bild5-1024x768.jpg 1024w, https:\/\/www.bwtsc.de\/v2\/wp-content\/uploads\/2026\/02\/Bild5-300x225.jpg 300w, https:\/\/www.bwtsc.de\/v2\/wp-content\/uploads\/2026\/02\/Bild5-768x576.jpg 768w, https:\/\/www.bwtsc.de\/v2\/wp-content\/uploads\/2026\/02\/Bild5-400x300.jpg 400w, https:\/\/www.bwtsc.de\/v2\/wp-content\/uploads\/2026\/02\/Bild5.jpg 1429w\" sizes=\"auto, (max-width: 1024px) 100vw, 1024px\" \/><\/a><\/figure>\n\n\n\n<figure class=\"wp-block-image size-large\"><a href=\"http:\/\/www.bwtsc.de\/v2\/wp-content\/uploads\/2026\/02\/Bild6.jpg\"><img loading=\"lazy\" decoding=\"async\" width=\"1024\" height=\"768\" src=\"http:\/\/www.bwtsc.de\/v2\/wp-content\/uploads\/2026\/02\/Bild6-1024x768.jpg\" alt=\"\" class=\"wp-image-1131\" srcset=\"https:\/\/www.bwtsc.de\/v2\/wp-content\/uploads\/2026\/02\/Bild6-1024x768.jpg 1024w, https:\/\/www.bwtsc.de\/v2\/wp-content\/uploads\/2026\/02\/Bild6-300x225.jpg 300w, https:\/\/www.bwtsc.de\/v2\/wp-content\/uploads\/2026\/02\/Bild6-768x576.jpg 768w, https:\/\/www.bwtsc.de\/v2\/wp-content\/uploads\/2026\/02\/Bild6-400x300.jpg 400w, https:\/\/www.bwtsc.de\/v2\/wp-content\/uploads\/2026\/02\/Bild6.jpg 1429w\" sizes=\"auto, (max-width: 1024px) 100vw, 1024px\" \/><\/a><\/figure>\n\n\n\n<p>Die \u201eblaue Distel\u201c, so hei\u00dft Thistlegorm ins Deutsche \u00fcbersetzt, war ein bewaffnetes englisches Schiff, dass auf dem Weg nach \u00c4gypten war, um das englische Afrika-Korps mit Nachschub zu versorgen, als sie in der Vollmondnacht des 6.Oktober 1941 von einem deutschen Bomber versenkt wurde. Das Wrack liegt in 30 m Tiefe aufrecht auf dem Meeresgrund und l\u00e4sst das Taucherherz wirklich h\u00f6herschlagen.<br>Im Au\u00dfenbereich tummelten sich Fledermausfische und jede Menge blaue F\u00fcsiliere. Auch ein Barakuda gab sich die Ehre.<br><br>Die Lader\u00e4ume im Innern sind hervorragend betauchbar. Unser Guide geleitete uns durch die Etagen mit gepanzerten Kettenfahrzeugen, LKWs, Jeeps, Motorr\u00e4dern, Gummistiefeln und Munition.<br>Ein Tauchgang, der ein Leben lang in Erinnerung bleibt!<br><br>Den Tauchtag schlossen wir mit einem <strong>Nachttauchgang am Beacon Rock<\/strong> ab.<\/p>\n\n\n\n<p>Der <strong>3. Tauchtag <\/strong>mit 4 Tauchg\u00e4ngen (\u201eder mit den Klosch\u00fcsseln\u201c)<br>Hier starteten wir den Tag mit <strong>Shark Yolanda<\/strong>. Das <strong>Shark Reef<\/strong> und <strong>Yolanda Reef <\/strong>hier im <strong>Ras Mohammed Nationalpark <\/strong>gelten als einer der zehn besten Tauchspots der Welt. Die beiden Riffe erheben sich aus unermesslichen Tiefen an die Oberfl\u00e4che und bilden eine atemberaubende und dramatische Topographie.<br>Wir konnten wundersch\u00f6ne intakte Weichkorallen bewundern. Ein Krokodilfisch gab sich die Ehre.<br>Der namensgebende zypriotische Frachter Yolanda war mit Sanit\u00e4rbedarf beladen und liegt nun aber nicht sichtbar auf 160m Tiefe unterhalb des Steilhangs. Aber f\u00fcr die eiligen Fr\u00fchaufsteher ohne Zeit f\u00fcr die Morgentoilette gab es dann jede Menge Klosch\u00fcsseln aus der Ladung im betauchbaren Bereich.<br><br>Anschlie\u00dfend besuchten wir <strong>Anemone City,<\/strong> ein wundervolles weichkorallengeschm\u00fccktes Riff. Ohne Ende phantastische Korallen zum Nichtsattsehen k\u00f6nnen.<br><br>N\u00e4chster Tauchspot war das <strong>Dunraven Wrack<\/strong>., was zwischen 16-22 Metern seine letzte Ruhe gefunden hat. Der dampfgetriebene Frachter mit Hilfsbesegelung war mit indischer Baumwolle, Gew\u00fcrzen und Holz beladen, als er am 1876 auf ein Riffdach fuhr. Zum Verh\u00e4ngnis wurde der Dunraven ein Schwelbrand unter Deck, der das Schiff 12 Stunden sp\u00e4ter sinken lie\u00df. Eine schwimmende Mur\u00e4ne und ein Napoleon machten uns hier ihre Aufwartung.<br><\/p>\n\n\n\n<figure class=\"wp-block-image size-large\"><a href=\"http:\/\/www.bwtsc.de\/v2\/wp-content\/uploads\/2026\/02\/Bild7.jpg\"><img loading=\"lazy\" decoding=\"async\" width=\"1024\" height=\"768\" src=\"http:\/\/www.bwtsc.de\/v2\/wp-content\/uploads\/2026\/02\/Bild7-1024x768.jpg\" alt=\"\" class=\"wp-image-1132\" srcset=\"https:\/\/www.bwtsc.de\/v2\/wp-content\/uploads\/2026\/02\/Bild7-1024x768.jpg 1024w, https:\/\/www.bwtsc.de\/v2\/wp-content\/uploads\/2026\/02\/Bild7-300x225.jpg 300w, https:\/\/www.bwtsc.de\/v2\/wp-content\/uploads\/2026\/02\/Bild7-768x576.jpg 768w, https:\/\/www.bwtsc.de\/v2\/wp-content\/uploads\/2026\/02\/Bild7-400x300.jpg 400w, https:\/\/www.bwtsc.de\/v2\/wp-content\/uploads\/2026\/02\/Bild7.jpg 1429w\" sizes=\"auto, (max-width: 1024px) 100vw, 1024px\" \/><\/a><\/figure>\n\n\n\n<p>Der letzte Tauchgang war ein <strong>Nachttauchgang am Abu Nahas Reef.<\/strong> Hier durften wir einer spanischen T\u00e4nzerin w\u00e4hrend einer Tanzpause zusehen, was ihre Erhabenheit aber in keinster Weise schm\u00e4lerte.<\/p>\n\n\n\n<figure class=\"wp-block-image size-large\"><a href=\"http:\/\/www.bwtsc.de\/v2\/wp-content\/uploads\/2026\/02\/Bild8.jpg\"><img loading=\"lazy\" decoding=\"async\" width=\"1024\" height=\"836\" src=\"http:\/\/www.bwtsc.de\/v2\/wp-content\/uploads\/2026\/02\/Bild8-1024x836.jpg\" alt=\"\" class=\"wp-image-1133\" srcset=\"https:\/\/www.bwtsc.de\/v2\/wp-content\/uploads\/2026\/02\/Bild8-1024x836.jpg 1024w, https:\/\/www.bwtsc.de\/v2\/wp-content\/uploads\/2026\/02\/Bild8-300x245.jpg 300w, https:\/\/www.bwtsc.de\/v2\/wp-content\/uploads\/2026\/02\/Bild8-768x627.jpg 768w, https:\/\/www.bwtsc.de\/v2\/wp-content\/uploads\/2026\/02\/Bild8-367x300.jpg 367w, https:\/\/www.bwtsc.de\/v2\/wp-content\/uploads\/2026\/02\/Bild8.jpg 1429w\" sizes=\"auto, (max-width: 1024px) 100vw, 1024px\" \/><\/a><\/figure>\n\n\n\n<p><strong>Tauchtag 4 <\/strong>begann wieder mit einem Wrack am Abu Nahas Reef. Hier betauchten wir fr\u00fch morgens den griechischen Holz- und Baumaterialfrachter <strong>Giannis D<\/strong>, der 1983 am Riff Leck schlug, aber erst Wochen sp\u00e4ter sein schwimmendes Dasein endg\u00fcltig beendete. Mur\u00e4nen, Schnecken und Barakudas gaben sich ein Stelldichein. Auf einer Tiefe zwischen 23 bis 27 Metern konnten wir den sch\u00f6nen Korallenbewuchs bewundern.<br>Der Legende nach soll einiges an Holzmaterial gerettet worden sein, was einem anderen daraus gebautem Schiff aber ebenso Ungl\u00fcck gebracht hat und auch dieses Schiff zum Wrack wurde.<\/p>\n\n\n\n<p>N\u00e4chster Tauchspot war das Wrack der <strong>Carnatic<\/strong>. Dem britischen Dampfsegler Carnatic wurde das Riff 1869 auf dem Weg nach Indien zum Verh\u00e4ngnis. Zwei Tage hielt sich das Schiff noch auf dem Riff, bevor es in zwei Teile zerbrach und sank. Das Wrack liegt zwischen 20 und 27 m Tiefe auf seiner Steuerbordseite.<br>Danach ging es zum<strong> Umm Gamar<\/strong>. Fette Mur\u00e4nen, Seezungen, Octopus gesellten sich zu uns. Das Wasser zeigte sich recht launisch mit Str\u00f6mung und Gegenstr\u00f6mung.<\/p>\n\n\n\n<figure class=\"wp-block-image size-large\"><a href=\"http:\/\/www.bwtsc.de\/v2\/wp-content\/uploads\/2026\/02\/Bild9.jpg\"><img loading=\"lazy\" decoding=\"async\" width=\"1024\" height=\"768\" src=\"http:\/\/www.bwtsc.de\/v2\/wp-content\/uploads\/2026\/02\/Bild9-1024x768.jpg\" alt=\"\" class=\"wp-image-1134\" srcset=\"https:\/\/www.bwtsc.de\/v2\/wp-content\/uploads\/2026\/02\/Bild9-1024x768.jpg 1024w, https:\/\/www.bwtsc.de\/v2\/wp-content\/uploads\/2026\/02\/Bild9-300x225.jpg 300w, https:\/\/www.bwtsc.de\/v2\/wp-content\/uploads\/2026\/02\/Bild9-768x576.jpg 768w, https:\/\/www.bwtsc.de\/v2\/wp-content\/uploads\/2026\/02\/Bild9-400x300.jpg 400w, https:\/\/www.bwtsc.de\/v2\/wp-content\/uploads\/2026\/02\/Bild9.jpg 1429w\" sizes=\"auto, (max-width: 1024px) 100vw, 1024px\" \/><\/a><\/figure>\n\n\n\n<p>Den Tauchtag beendeten wir mit einem <strong>Nachttauchgang am Small Gifton Island.<\/strong> Das beschauliche Pl\u00e4tzchen verwandelte sich schnell in einen Ort unerbittlicher Natur. Stachelmakrelen schossen wie Pfeile auf der Jagd nach Nahrung an uns vorbei. Eine besondere Trag\u00f6die war ein Bartelfisch, dessen hintere H\u00e4lfte im Magen eines R\u00e4ubers verschwunden war, aber seine vordere H\u00e4lfte noch flei\u00dfig den sandigen Boden durchpfl\u00fcgte. Dann schlug auch hier das Schicksal erneut zu. Eine Mur\u00e4ne war scheinbar von der leichten Restbeute angelockt worden und nach einiger Suche f\u00fchrte ihr exzellenter Geruchssinn sie zum Erfolg. Schwer w\u00fcrgend verschwand die Mur\u00e4ne mit ihrer Beute im Schlund in der Dunkelheit. Nichts f\u00fcr zart besaitete Taucher.<\/p>\n\n\n\n<p>Der <strong>5. Tauchtag<\/strong> wartete mit dem n\u00e4chsten Highlight auf: <strong>Big Brother- und Small Brother Island.<\/strong><br>Der Tauchtag begann mit einem sehr ausf\u00fchrlichen Hai-Briefing hinsichtlich Verhalten und Sicherheit bei Haisichtungen. Dann ging es ins Wasser, zweimal am Big Brother und einmal am Small Brother. Was wir nur zu hoffen gewagt hatten, passierte: Wie aus dem Nichts erschienen immer wieder Haie &#8211; Wei\u00dfspitzenhochseehaie (Longimanus) und Fuchshaie, immer wieder. 7 \u2013 8 Tiere. Im Briefing noch bel\u00e4chelt, kamen einem unweigerlich die Verhaltensrichtlinien bei Hain\u00e4herungen wieder ins Ged\u00e4chtnis. Trotz des erhabenen Anblicks f\u00fchrte die Ann\u00e4herung eines sehr neugierigen Longimanus bei dem einen oder anderen zu dem Wunsch, er m\u00f6ge doch endlich abdrehen. Aber keiner von uns musste Gliedma\u00dfen oder Ausr\u00fcstungsteile lassen &#8211; eine Erinnerung, an die man gerne mit leichter Ehrfurcht zur\u00fcckdenkt.<\/p>\n\n\n\n<figure class=\"wp-block-image size-large\"><a href=\"http:\/\/www.bwtsc.de\/v2\/wp-content\/uploads\/2026\/02\/Bild10.jpg\"><img loading=\"lazy\" decoding=\"async\" width=\"1024\" height=\"472\" src=\"http:\/\/www.bwtsc.de\/v2\/wp-content\/uploads\/2026\/02\/Bild10-1024x472.jpg\" alt=\"\" class=\"wp-image-1135\" srcset=\"https:\/\/www.bwtsc.de\/v2\/wp-content\/uploads\/2026\/02\/Bild10-1024x472.jpg 1024w, https:\/\/www.bwtsc.de\/v2\/wp-content\/uploads\/2026\/02\/Bild10-300x138.jpg 300w, https:\/\/www.bwtsc.de\/v2\/wp-content\/uploads\/2026\/02\/Bild10-768x354.jpg 768w, https:\/\/www.bwtsc.de\/v2\/wp-content\/uploads\/2026\/02\/Bild10-500x231.jpg 500w, https:\/\/www.bwtsc.de\/v2\/wp-content\/uploads\/2026\/02\/Bild10.jpg 1429w\" sizes=\"auto, (max-width: 1024px) 100vw, 1024px\" \/><\/a><\/figure>\n\n\n\n<figure class=\"wp-block-image size-large\"><a href=\"http:\/\/www.bwtsc.de\/v2\/wp-content\/uploads\/2026\/02\/Bild11.jpg\"><img loading=\"lazy\" decoding=\"async\" width=\"1024\" height=\"472\" src=\"http:\/\/www.bwtsc.de\/v2\/wp-content\/uploads\/2026\/02\/Bild11-1024x472.jpg\" alt=\"\" class=\"wp-image-1136\" srcset=\"https:\/\/www.bwtsc.de\/v2\/wp-content\/uploads\/2026\/02\/Bild11-1024x472.jpg 1024w, https:\/\/www.bwtsc.de\/v2\/wp-content\/uploads\/2026\/02\/Bild11-300x138.jpg 300w, https:\/\/www.bwtsc.de\/v2\/wp-content\/uploads\/2026\/02\/Bild11-768x354.jpg 768w, https:\/\/www.bwtsc.de\/v2\/wp-content\/uploads\/2026\/02\/Bild11-500x231.jpg 500w, https:\/\/www.bwtsc.de\/v2\/wp-content\/uploads\/2026\/02\/Bild11.jpg 1429w\" sizes=\"auto, (max-width: 1024px) 100vw, 1024px\" \/><\/a><\/figure>\n\n\n\n<figure class=\"wp-block-image size-large\"><a href=\"http:\/\/www.bwtsc.de\/v2\/wp-content\/uploads\/2026\/02\/Bild12.png\"><img loading=\"lazy\" decoding=\"async\" width=\"1024\" height=\"472\" src=\"http:\/\/www.bwtsc.de\/v2\/wp-content\/uploads\/2026\/02\/Bild12-1024x472.png\" alt=\"\" class=\"wp-image-1137\" srcset=\"https:\/\/www.bwtsc.de\/v2\/wp-content\/uploads\/2026\/02\/Bild12-1024x472.png 1024w, https:\/\/www.bwtsc.de\/v2\/wp-content\/uploads\/2026\/02\/Bild12-300x138.png 300w, https:\/\/www.bwtsc.de\/v2\/wp-content\/uploads\/2026\/02\/Bild12-768x354.png 768w, https:\/\/www.bwtsc.de\/v2\/wp-content\/uploads\/2026\/02\/Bild12-500x231.png 500w, https:\/\/www.bwtsc.de\/v2\/wp-content\/uploads\/2026\/02\/Bild12.png 1429w\" sizes=\"auto, (max-width: 1024px) 100vw, 1024px\" \/><\/a><\/figure>\n\n\n\n<p>Am <strong>6. und letzten Tauchtag<\/strong> lie\u00dfen wir die Tauchsafari ausklingen und stiegen bei <strong>Gota Abu Ramada<\/strong> noch zweimal ins Wasser. Wir trafen die \u00fcblichen Verd\u00e4chtigen, wie z.B. eine wei\u00dfe Mur\u00e4ne, eine Nacktschnecke, Rotfeuerfische, Blaupunktrochen und Drachenk\u00f6pfe. Ein kleiner Drachenkopf fiel dabei besonders auf: Das Abbild vom Drachen GRISU aus dem Fernsehen, nur nicht gr\u00fcn. Ein wirklich niedlicher Ausklang.<\/p>\n\n\n\n<p>Aum Schluss kamen die Hardliner unter uns auf 19 Tauchg\u00e4nge mit vielen wundervollen Erlebnissen und tollen Meerestiersichtungen. Diese sind bei einigen von uns auch direkt unter die Haut gegangen: in Form eines Hai-Tattoos.<\/p>\n\n\n\n<p>Zur\u00fcck ging es am 20. November gegen 11 Uhr mit dem Bus zum Flughafen Hurghada. Der Flieger hob p\u00fcnktlich um 14.30h nach einer fantastischen und sehr ereignisreichen Tauchwoche mit vielen Hai-lights und jeder Menge an Wracks im Ged\u00e4chtnis nach M\u00fcnchen ab und brachte uns z\u00fcgig in die kalte Heimat. Gegen 21.00h m\u00fcsste dann auch der Letzte sein kaltes Zuhause wieder erreicht haben.<\/p>\n\n\n\n<p>Die begleitenden Unterwasserbilder steuerte Daniel bei. Der Text stammt vom Volker.<\/p>\n\n\n\n<p><\/p>\n","protected":false},"excerpt":{"rendered":"<p>Der Bayerwald Tauchsportclub im November 2025 auf gro\u00dfer Fahrt Dieses Jahr ging es mit dem BWTSC auf Tauchsafari nach \u00c4gypten. Perfekt organisiert wurde diese Nord- und Wracktour vom Ben und Daniel \u00fcber die Charly Reisen GmbH, Wendelstein. Neben Ben und &hellip; <a href=\"https:\/\/www.bwtsc.de\/v2\/?page_id=1100\">Weiterlesen <span class=\"meta-nav\">&rarr;<\/span><\/a><\/p>\n","protected":false},"author":2,"featured_media":0,"parent":0,"menu_order":0,"comment_status":"closed","ping_status":"closed","template":"","meta":{"footnotes":""},"class_list":["post-1100","page","type-page","status-publish","hentry"],"aioseo_notices":[],"_links":{"self":[{"href":"https:\/\/www.bwtsc.de\/v2\/index.php?rest_route=\/wp\/v2\/pages\/1100","targetHints":{"allow":["GET"]}}],"collection":[{"href":"https:\/\/www.bwtsc.de\/v2\/index.php?rest_route=\/wp\/v2\/pages"}],"about":[{"href":"https:\/\/www.bwtsc.de\/v2\/index.php?rest_route=\/wp\/v2\/types\/page"}],"author":[{"embeddable":true,"href":"https:\/\/www.bwtsc.de\/v2\/index.php?rest_route=\/wp\/v2\/users\/2"}],"replies":[{"embeddable":true,"href":"https:\/\/www.bwtsc.de\/v2\/index.php?rest_route=%2Fwp%2Fv2%2Fcomments&post=1100"}],"version-history":[{"count":16,"href":"https:\/\/www.bwtsc.de\/v2\/index.php?rest_route=\/wp\/v2\/pages\/1100\/revisions"}],"predecessor-version":[{"id":1156,"href":"https:\/\/www.bwtsc.de\/v2\/index.php?rest_route=\/wp\/v2\/pages\/1100\/revisions\/1156"}],"wp:attachment":[{"href":"https:\/\/www.bwtsc.de\/v2\/index.php?rest_route=%2Fwp%2Fv2%2Fmedia&parent=1100"}],"curies":[{"name":"wp","href":"https:\/\/api.w.org\/{rel}","templated":true}]}}